{"id":650,"date":"2019-01-15T18:56:27","date_gmt":"2019-01-15T18:56:27","guid":{"rendered":"http:\/\/jaro-institut.de\/?page_id=650"},"modified":"2025-09-03T10:03:31","modified_gmt":"2025-09-03T10:03:31","slug":"publications","status":"publish","type":"page","link":"https:\/\/jaro-institut.de\/en\/publications\/","title":{"rendered":"Publications"},"content":{"rendered":"<section class=\"wpb-content-wrapper\"><p>[vc_row][vc_column width=&#8221;2\/3&#8243; css=&#8221;.vc_custom_1541814491237{margin-bottom: 0px !important;}&#8221;][vc_column_text css=&#8221;.vc_custom_1756893764912{margin-bottom: 0px !important;}&#8221;]<\/p>\n<h3>JARO Study &#8211; Sustainable procurement and responsible supply chains 2025<\/h3>\n<p>Jamal, Yvonne<\/p>\n<p>&nbsp;<\/p>\n<h3><div class=\"image_frame image_item no_link scale-with-grid element_classes no_border mfn-img-box\" ><div class=\"image_wrapper\"><img loading=\"lazy\" decoding=\"async\" class=\"scale-with-grid\" src=\"https:\/\/jaro-institut.de\/wp-content\/uploads\/2015\/02\/home_clinic_line.png\" alt=\"home_line\" title=\"\" width=\"129\" height=\"20\" style=\"\"\/><\/div><\/div>\n<\/h3>\n<p>&nbsp;<\/p>\n<div class=\"sdm_sf_tpl_container sdm_sf_tpl_0_container\"><div class=\"sdm_sf_tpl_0_title\"><h3>JARO study \u2013 sustainable procurement and responsible supply chains 2025<\/h3><\/div><div class=\"sdm_sf_tpl_0_form\"><form method=\"post\" action=\"\"><div class=\"sdm_sf_tpl_0_name_input\"><input type=\"text\" name=\"sdm_squeeze_name\" class=\"sdm_squeeze_name\" placeholder=\"Name\" value=\"\" \/><\/div><div class=\"sdm_sf_tpl_0_email_input\"><input type=\"text\" name=\"sdm_squeeze_email\" class=\"sdm_squeeze_email\" placeholder=\"Email\" value=\"\" required \/><\/div><div class=\"sdm-termscond-checkbox\"><input type=\"checkbox\" class=\"agree_termscond\" value=\"1\"\/> I agree to the <a href=\"https:\/\/jaro-institut.de\/nutzungsbedingungen\/\" target=\"_blank\">terms and conditions<\/a><\/div><input type=\"hidden\" name=\"sdm_squeeze_postid\" class=\"sdm_squeeze_postid\" value=\"3896\" \/><input type=\"submit\" name=\"sdm_squeeze_submit\" class=\"sdm_squeeze_submit\" value=\"Download Now\" \/><\/form><\/div><\/div>[\/vc_column_text][\/vc_column][vc_column width=&#8221;1\/3&#8243;][vc_single_image image=&#8221;3891&#8243; img_size=&#8221;medium&#8221; alignment=&#8221;center&#8221; onclick=&#8221;link_image&#8221;][\/vc_column][\/vc_row][vc_row][vc_column][vc_separator border_width=&#8221;2&#8243; css=&#8221;.vc_custom_1541973348518{margin-top: 0px !important;margin-bottom: 0px !important;padding-top: 70px !important;padding-bottom: 70px !important;}&#8221;][\/vc_column][\/vc_row][vc_row][vc_column width=&#8221;2\/3&#8243; css=&#8221;.vc_custom_1541814491237{margin-bottom: 0px !important;}&#8221;][vc_column_text css=&#8221;.vc_custom_1717443742112{margin-bottom: 0px !important;}&#8221;]<\/p>\n<h3>JARO Whitepaper Sustainable Procurement Performance Indicator (SPPI) Scorecard<\/h3>\n<p>Jamal, Yvonne et. al<\/p>\n<p>&nbsp;<\/p>\n<h3><div class=\"image_frame image_item no_link scale-with-grid element_classes no_border mfn-img-box\" ><div class=\"image_wrapper\"><img loading=\"lazy\" decoding=\"async\" class=\"scale-with-grid\" src=\"https:\/\/jaro-institut.de\/wp-content\/uploads\/2015\/02\/home_clinic_line.png\" alt=\"home_line\" title=\"\" width=\"129\" height=\"20\" style=\"\"\/><\/div><\/div>\n<\/h3>\n<p>&nbsp;<\/p>\n<div class=\"sdm_sf_tpl_container sdm_sf_tpl_0_container\"><div class=\"sdm_sf_tpl_0_title\"><h3>JARO Whitepaper Sustainable Procurement Performance Indicators (SPPI) June 2024<\/h3><\/div><div class=\"sdm_sf_tpl_0_form\"><form method=\"post\" action=\"\"><div class=\"sdm_sf_tpl_0_name_input\"><input type=\"text\" name=\"sdm_squeeze_name\" class=\"sdm_squeeze_name\" placeholder=\"Name\" value=\"\" \/><\/div><div class=\"sdm_sf_tpl_0_email_input\"><input type=\"text\" name=\"sdm_squeeze_email\" class=\"sdm_squeeze_email\" placeholder=\"Email\" value=\"\" required \/><\/div><div class=\"sdm-termscond-checkbox\"><input type=\"checkbox\" class=\"agree_termscond\" value=\"1\"\/> I agree to the <a href=\"https:\/\/jaro-institut.de\/nutzungsbedingungen\/\" target=\"_blank\">terms and conditions<\/a><\/div><input type=\"hidden\" name=\"sdm_squeeze_postid\" class=\"sdm_squeeze_postid\" value=\"3702\" \/><input type=\"submit\" name=\"sdm_squeeze_submit\" class=\"sdm_squeeze_submit\" value=\"Download Now\" \/><\/form><\/div><\/div>[\/vc_column_text][\/vc_column][vc_column width=&#8221;1\/3&#8243;][vc_single_image image=&#8221;3718&#8243; img_size=&#8221;medium&#8221; alignment=&#8221;center&#8221; onclick=&#8221;link_image&#8221;][\/vc_column][\/vc_row][vc_row][vc_column][vc_separator border_width=&#8221;2&#8243; css=&#8221;.vc_custom_1541973348518{margin-top: 0px !important;margin-bottom: 0px !important;padding-top: 70px !important;padding-bottom: 70px !important;}&#8221;][\/vc_column][\/vc_row][vc_row][vc_column width=&#8221;2\/3&#8243; css=&#8221;.vc_custom_1541814491237{margin-bottom: 0px !important;}&#8221;][vc_column_text css=&#8221;.vc_custom_1642681310240{margin-bottom: 0px !important;}&#8221;]<\/p>\n<h3>Recommendations for Sustainable Procurement<\/h3>\n<p>Jamal, Yvonne<\/p>\n<p>&nbsp;<\/p>\n<h3><div class=\"image_frame image_item no_link scale-with-grid element_classes no_border mfn-img-box\" ><div class=\"image_wrapper\"><img loading=\"lazy\" decoding=\"async\" class=\"scale-with-grid\" src=\"https:\/\/jaro-institut.de\/wp-content\/uploads\/2015\/02\/home_clinic_line.png\" alt=\"home_line\" title=\"\" width=\"129\" height=\"20\" style=\"\"\/><\/div><\/div>\n<\/h3>\n<p>&nbsp;<\/p>\n<div class=\"sdm_sf_tpl_container sdm_sf_tpl_0_container\"><div class=\"sdm_sf_tpl_0_title\"><h3>Recommendations for Sustainable Procurements<\/h3><\/div><div class=\"sdm_sf_tpl_0_form\"><form method=\"post\" action=\"\"><div class=\"sdm_sf_tpl_0_name_input\"><input type=\"text\" name=\"sdm_squeeze_name\" class=\"sdm_squeeze_name\" placeholder=\"Name\" value=\"\" \/><\/div><div class=\"sdm_sf_tpl_0_email_input\"><input type=\"text\" name=\"sdm_squeeze_email\" class=\"sdm_squeeze_email\" placeholder=\"Email\" value=\"\" required \/><\/div><div class=\"sdm-termscond-checkbox\"><input type=\"checkbox\" class=\"agree_termscond\" value=\"1\"\/> I agree to the <a href=\"https:\/\/jaro-institut.de\/nutzungsbedingungen\/\" target=\"_blank\">terms and conditions<\/a><\/div><input type=\"hidden\" name=\"sdm_squeeze_postid\" class=\"sdm_squeeze_postid\" value=\"1818\" \/><input type=\"submit\" name=\"sdm_squeeze_submit\" class=\"sdm_squeeze_submit\" value=\"Download Now\" \/><\/form><\/div><\/div>[\/vc_column_text][\/vc_column][vc_column width=&#8221;1\/3&#8243;][vc_single_image image=&#8221;1806&#8243; img_size=&#8221;medium&#8221; alignment=&#8221;center&#8221; onclick=&#8221;link_image&#8221;][\/vc_column][\/vc_row][vc_row][vc_column][vc_separator border_width=&#8221;2&#8243; css=&#8221;.vc_custom_1541973348518{margin-top: 0px !important;margin-bottom: 0px !important;padding-top: 70px !important;padding-bottom: 70px !important;}&#8221;][\/vc_column][\/vc_row][vc_row disable_element=&#8221;yes&#8221;][vc_column width=&#8221;2\/3&#8243; css=&#8221;.vc_custom_1541814491237{margin-bottom: 0px !important;}&#8221;][vc_column_text css=&#8221;.vc_custom_1547578897313{margin-bottom: 0px !important;}&#8221;]<\/p>\n<h3>Gesundheitsmanagement als personale Ressource der Lebensstilmodifikation \u2013 Gesundheitsf\u00f6rdernde Ma\u00dfnahmen und Nudges f\u00fcr F\u00fchrungskr\u00e4fte in Settings<\/h3>\n<p>Rochnowski, Sandra Ursula<\/p>\n<h3><div class=\"image_frame image_item no_link scale-with-grid element_classes no_border mfn-img-box\" ><div class=\"image_wrapper\"><img loading=\"lazy\" decoding=\"async\" class=\"scale-with-grid\" src=\"https:\/\/jaro-institut.de\/wp-content\/uploads\/2015\/02\/home_clinic_line.png\" alt=\"home_line\" title=\"\" width=\"129\" height=\"20\" style=\"\"\/><\/div><\/div>\n<\/h3>\n<p>&nbsp;<\/p>\n<p>ISBN 978-3-658-23569-7<\/p>\n<p><a href=\"https:\/\/www.springer.com\/us\/book\/9783658235680\" target=\"_blank\" rel=\"noopener noreferrer\">Order the book here!<\/a>[\/vc_column_text][vc_separator border_width=&#8221;2&#8243; css=&#8221;.vc_custom_1541973348518{margin-top: 0px !important;margin-bottom: 0px !important;padding-top: 70px !important;padding-bottom: 70px !important;}&#8221;][\/vc_column][vc_column width=&#8221;1\/3&#8243;][vc_single_image image=&#8221;114&#8243; img_size=&#8221;medium&#8221; alignment=&#8221;center&#8221; onclick=&#8221;link_image&#8221;][\/vc_column][\/vc_row][vc_row][vc_column width=&#8221;2\/3&#8243; css=&#8221;.vc_custom_1541814499661{margin-top: 0px !important;}&#8221;][vc_column_text]<\/p>\n<h3>Personalentwicklung in der Beschaffung \u2013\u00a0 Best Practices aus Theorie und Praxis<\/h3>\n<p>Fr\u00f6hlich, Elisabeth, Karlshaus, Anja (Hrsg.)<\/p>\n<h3><div class=\"image_frame image_item no_link scale-with-grid element_classes no_border mfn-img-box\" ><div class=\"image_wrapper\"><img loading=\"lazy\" decoding=\"async\" class=\"scale-with-grid\" src=\"https:\/\/jaro-institut.de\/wp-content\/uploads\/2015\/02\/home_clinic_line.png\" alt=\"home_line\" title=\"\" width=\"129\" height=\"20\" style=\"\"\/><\/div><\/div>\n<\/h3>\n<p>&nbsp;<\/p>\n<h4>Chapter: Personalentwicklung im Bereich Indirect Procurement der Zalando SE, Jamal, Yvonne<\/h4>\n<p>ISBN 978-3-662-50510-6<\/p>\n<p><a href=\"https:\/\/www.springer.com\/us\/book\/9783662505090\" target=\"_blank\" rel=\"noopener noreferrer\">Order the book here!<\/a>[\/vc_column_text][\/vc_column][vc_column width=&#8221;1\/3&#8243;][vc_single_image image=&#8221;113&#8243; img_size=&#8221;medium&#8221; alignment=&#8221;center&#8221; onclick=&#8221;link_image&#8221;][\/vc_column][\/vc_row][vc_row][vc_column][vc_empty_space height=&#8221;50&#8243;][\/vc_column][\/vc_row]<\/p>\n<div class=\"shariff shariff-align-center shariff-widget-align-flex-start\" style=\"display:none\" data-services=\"facebook\" data-url=\"https%3A%2F%2Fjaro-institut.de%2Fen%2Fpublications%2F\" data-timestamp=\"1756893811\" data-backendurl=\"https:\/\/jaro-institut.de\/en\/wp-json\/shariff\/v1\/share_counts?\"><ul class=\"shariff-buttons theme-color orientation-horizontal buttonsize-medium\"><li class=\"shariff-button linkedin shariff-nocustomcolor\" style=\"background-color:#1488bf\"><a href=\"https:\/\/www.linkedin.com\/sharing\/share-offsite\/?url=https%3A%2F%2Fjaro-institut.de%2Fen%2Fpublications%2F\" title=\"Share on LinkedIn\" aria-label=\"Share on LinkedIn\" role=\"button\" rel=\"noreferrernoopener nofollow\" class=\"shariff-link\" style=\"; background-color:#0077b5; color:#fff\" target=\"_blank\"><span class=\"shariff-icon\" style=\"\"><svg width=\"32px\" height=\"20px\" xmlns=\"http:\/\/www.w3.org\/2000\/svg\" viewBox=\"0 0 27 32\"><path fill=\"#0077b5\" d=\"M6.2 11.2v17.7h-5.9v-17.7h5.9zM6.6 5.7q0 1.3-0.9 2.2t-2.4 0.9h0q-1.5 0-2.4-0.9t-0.9-2.2 0.9-2.2 2.4-0.9 2.4 0.9 0.9 2.2zM27.4 18.7v10.1h-5.9v-9.5q0-1.9-0.7-2.9t-2.3-1.1q-1.1 0-1.9 0.6t-1.2 1.5q-0.2 0.5-0.2 1.4v9.9h-5.9q0-7.1 0-11.6t0-5.3l0-0.9h5.9v2.6h0q0.4-0.6 0.7-1t1-0.9 1.6-0.8 2-0.3q3 0 4.9 2t1.9 6z\"\/><\/svg><\/span><span class=\"shariff-text\">share<\/span>&nbsp;<\/a><\/li><li class=\"shariff-button xing shariff-nocustomcolor\" style=\"background-color:#29888a\"><a href=\"https:\/\/www.xing.com\/spi\/shares\/new?url=https%3A%2F%2Fjaro-institut.de%2Fen%2Fpublications%2F\" title=\"Share on XING\" aria-label=\"Share on XING\" role=\"button\" rel=\"noreferrernoopener nofollow\" class=\"shariff-link\" style=\"; background-color:#126567; color:#fff\" target=\"_blank\"><span class=\"shariff-icon\" style=\"\"><svg width=\"32px\" height=\"20px\" xmlns=\"http:\/\/www.w3.org\/2000\/svg\" viewBox=\"0 0 25 32\"><path fill=\"#126567\" d=\"M10.7 11.9q-0.2 0.3-4.6 8.2-0.5 0.8-1.2 0.8h-4.3q-0.4 0-0.5-0.3t0-0.6l4.5-8q0 0 0 0l-2.9-5q-0.2-0.4 0-0.7 0.2-0.3 0.5-0.3h4.3q0.7 0 1.2 0.8zM25.1 0.4q0.2 0.3 0 0.7l-9.4 16.7 6 11q0.2 0.4 0 0.6-0.2 0.3-0.6 0.3h-4.3q-0.7 0-1.2-0.8l-6-11.1q0.3-0.6 9.5-16.8 0.4-0.8 1.2-0.8h4.3q0.4 0 0.5 0.3z\"\/><\/svg><\/span><span class=\"shariff-text\">share<\/span>&nbsp;<\/a><\/li><li class=\"shariff-button facebook shariff-nocustomcolor\" style=\"background-color:#4273c8\"><a href=\"https:\/\/www.facebook.com\/sharer\/sharer.php?u=https%3A%2F%2Fjaro-institut.de%2Fen%2Fpublications%2F\" title=\"Share on Facebook\" aria-label=\"Share on Facebook\" role=\"button\" rel=\"noreferrernoopener nofollow\" class=\"shariff-link\" style=\"; background-color:#3b5998; color:#fff\" target=\"_blank\"><span class=\"shariff-icon\" style=\"\"><svg width=\"32px\" height=\"20px\" xmlns=\"http:\/\/www.w3.org\/2000\/svg\" viewBox=\"0 0 18 32\"><path fill=\"#3b5998\" d=\"M17.1 0.2v4.7h-2.8q-1.5 0-2.1 0.6t-0.5 1.9v3.4h5.2l-0.7 5.3h-4.5v13.6h-5.5v-13.6h-4.5v-5.3h4.5v-3.9q0-3.3 1.9-5.2t5-1.8q2.6 0 4.1 0.2z\"\/><\/svg><\/span><span class=\"shariff-text\">share<\/span>&nbsp;<\/a><\/li><\/ul><\/div><\/section>","protected":false},"excerpt":{"rendered":"<p>[vc_row][vc_column width=&#8221;2\/3&#8243; css=&#8221;.vc_custom_1541814491237{margin-bottom: 0px !important;}&#8221;][vc_column_text css=&#8221;.vc_custom_1756893764912{margin-bottom: 0px !important;}&#8221;] JARO Study &#8211; Sustainable procurement and responsible supply chains 2025 Jamal, Yvonne &nbsp; &nbsp; [\/vc_column_text][\/vc_column][vc_column width=&#8221;1\/3&#8243;][vc_single_image image=&#8221;3891&#8243; img_size=&#8221;medium&#8221;<span class=\"excerpt-hellip\"> [\u2026]<\/span><\/p>\n","protected":false},"author":2,"featured_media":2504,"parent":0,"menu_order":0,"comment_status":"open","ping_status":"open","template":"","meta":{"_acf_changed":false,"footnotes":""},"class_list":["post-650","page","type-page","status-publish","has-post-thumbnail","hentry"],"acf":[],"yoast_head":"<!-- This site is optimized with the Yoast SEO plugin v27.4 - https:\/\/yoast.com\/product\/yoast-seo-wordpress\/ -->\n<title>Publications - Jaro Institut e.V.<\/title>\n<meta name=\"robots\" content=\"index, follow, max-snippet:-1, max-image-preview:large, max-video-preview:-1\" \/>\n<link rel=\"canonical\" href=\"https:\/\/jaro-institut.de\/en\/publications\/\" \/>\n<meta property=\"og:locale\" content=\"en_US\" \/>\n<meta property=\"og:type\" content=\"article\" \/>\n<meta property=\"og:title\" content=\"Publications - Jaro Institut e.V.\" \/>\n<meta property=\"og:description\" content=\"[vc_row][vc_column width=&#8221;2\/3&#8243; css=&#8221;.vc_custom_1541814491237{margin-bottom: 0px !important;}&#8221;][vc_column_text css=&#8221;.vc_custom_1756893764912{margin-bottom: 0px !important;}&#8221;] JARO Study &#8211; Sustainable procurement and responsible supply chains 2025 Jamal, Yvonne &nbsp; &nbsp; [\/vc_column_text][\/vc_column][vc_column width=&#8221;1\/3&#8243;][vc_single_image image=&#8221;3891&#8243; img_size=&#8221;medium&#8221; [\u2026]\" \/>\n<meta property=\"og:url\" content=\"https:\/\/jaro-institut.de\/en\/publications\/\" \/>\n<meta property=\"og:site_name\" content=\"Jaro Institut e.V.\" \/>\n<meta property=\"article:modified_time\" content=\"2025-09-03T10:03:31+00:00\" \/>\n<meta property=\"og:image\" content=\"https:\/\/jaro-institut.de\/wp-content\/uploads\/2021\/03\/bg_publikationen.png\" \/>\n\t<meta property=\"og:image:width\" content=\"1500\" \/>\n\t<meta property=\"og:image:height\" content=\"350\" \/>\n\t<meta property=\"og:image:type\" content=\"image\/png\" \/>\n<meta name=\"twitter:card\" content=\"summary_large_image\" \/>\n<meta name=\"twitter:label1\" content=\"Est. reading time\" \/>\n\t<meta name=\"twitter:data1\" content=\"4 minutes\" \/>\n<script type=\"application\/ld+json\" class=\"yoast-schema-graph\">{\"@context\":\"https:\\\/\\\/schema.org\",\"@graph\":[{\"@type\":\"WebPage\",\"@id\":\"https:\\\/\\\/jaro-institut.de\\\/en\\\/publications\\\/\",\"url\":\"https:\\\/\\\/jaro-institut.de\\\/en\\\/publications\\\/\",\"name\":\"Publications - Jaro Institut e.V.\",\"isPartOf\":{\"@id\":\"https:\\\/\\\/jaro-institut.de\\\/#website\"},\"primaryImageOfPage\":{\"@id\":\"https:\\\/\\\/jaro-institut.de\\\/en\\\/publications\\\/#primaryimage\"},\"image\":{\"@id\":\"https:\\\/\\\/jaro-institut.de\\\/en\\\/publications\\\/#primaryimage\"},\"thumbnailUrl\":\"https:\\\/\\\/jaro-institut.de\\\/wp-content\\\/uploads\\\/2021\\\/03\\\/bg_publikationen.png\",\"datePublished\":\"2019-01-15T18:56:27+00:00\",\"dateModified\":\"2025-09-03T10:03:31+00:00\",\"breadcrumb\":{\"@id\":\"https:\\\/\\\/jaro-institut.de\\\/en\\\/publications\\\/#breadcrumb\"},\"inLanguage\":\"en-US\",\"potentialAction\":[{\"@type\":\"ReadAction\",\"target\":[\"https:\\\/\\\/jaro-institut.de\\\/en\\\/publications\\\/\"]}]},{\"@type\":\"ImageObject\",\"inLanguage\":\"en-US\",\"@id\":\"https:\\\/\\\/jaro-institut.de\\\/en\\\/publications\\\/#primaryimage\",\"url\":\"https:\\\/\\\/jaro-institut.de\\\/wp-content\\\/uploads\\\/2021\\\/03\\\/bg_publikationen.png\",\"contentUrl\":\"https:\\\/\\\/jaro-institut.de\\\/wp-content\\\/uploads\\\/2021\\\/03\\\/bg_publikationen.png\",\"width\":1500,\"height\":350},{\"@type\":\"BreadcrumbList\",\"@id\":\"https:\\\/\\\/jaro-institut.de\\\/en\\\/publications\\\/#breadcrumb\",\"itemListElement\":[{\"@type\":\"ListItem\",\"position\":1,\"name\":\"Startseite\",\"item\":\"https:\\\/\\\/jaro-institut.de\\\/en\\\/?page_id=3911\"},{\"@type\":\"ListItem\",\"position\":2,\"name\":\"Publications\"}]},{\"@type\":\"WebSite\",\"@id\":\"https:\\\/\\\/jaro-institut.de\\\/#website\",\"url\":\"https:\\\/\\\/jaro-institut.de\\\/\",\"name\":\"Jaro Institut e.V.\",\"description\":\"Institut f\u00fcr Nachhaltigkeit und Digitalisierung\",\"publisher\":{\"@id\":\"https:\\\/\\\/jaro-institut.de\\\/#organization\"},\"potentialAction\":[{\"@type\":\"SearchAction\",\"target\":{\"@type\":\"EntryPoint\",\"urlTemplate\":\"https:\\\/\\\/jaro-institut.de\\\/?s={search_term_string}\"},\"query-input\":{\"@type\":\"PropertyValueSpecification\",\"valueRequired\":true,\"valueName\":\"search_term_string\"}}],\"inLanguage\":\"en-US\"},{\"@type\":\"Organization\",\"@id\":\"https:\\\/\\\/jaro-institut.de\\\/#organization\",\"name\":\"JARO Institut e.V.\",\"url\":\"https:\\\/\\\/jaro-institut.de\\\/\",\"logo\":{\"@type\":\"ImageObject\",\"inLanguage\":\"en-US\",\"@id\":\"https:\\\/\\\/jaro-institut.de\\\/#\\\/schema\\\/logo\\\/image\\\/\",\"url\":\"https:\\\/\\\/jaro-institut.de\\\/wp-content\\\/uploads\\\/2019\\\/03\\\/JARO_Logo_Square.png\",\"contentUrl\":\"https:\\\/\\\/jaro-institut.de\\\/wp-content\\\/uploads\\\/2019\\\/03\\\/JARO_Logo_Square.png\",\"width\":959,\"height\":960,\"caption\":\"JARO Institut e.V.\"},\"image\":{\"@id\":\"https:\\\/\\\/jaro-institut.de\\\/#\\\/schema\\\/logo\\\/image\\\/\"},\"sameAs\":[\"https:\\\/\\\/www.linkedin.com\\\/company\\\/12654680\",\"https:\\\/\\\/www.youtube.com\\\/channel\\\/UCaNtzND9JAH_drzWq6x_F8A\"]}]}<\/script>\n<!-- \/ Yoast SEO plugin. -->","yoast_head_json":{"title":"Publications - Jaro Institut e.V.","robots":{"index":"index","follow":"follow","max-snippet":"max-snippet:-1","max-image-preview":"max-image-preview:large","max-video-preview":"max-video-preview:-1"},"canonical":"https:\/\/jaro-institut.de\/en\/publications\/","og_locale":"en_US","og_type":"article","og_title":"Publications - Jaro Institut e.V.","og_description":"[vc_row][vc_column width=&#8221;2\/3&#8243; css=&#8221;.vc_custom_1541814491237{margin-bottom: 0px !important;}&#8221;][vc_column_text css=&#8221;.vc_custom_1756893764912{margin-bottom: 0px !important;}&#8221;] JARO Study &#8211; Sustainable procurement and responsible supply chains 2025 Jamal, Yvonne &nbsp; &nbsp; [\/vc_column_text][\/vc_column][vc_column width=&#8221;1\/3&#8243;][vc_single_image image=&#8221;3891&#8243; img_size=&#8221;medium&#8221; [\u2026]","og_url":"https:\/\/jaro-institut.de\/en\/publications\/","og_site_name":"Jaro Institut e.V.","article_modified_time":"2025-09-03T10:03:31+00:00","og_image":[{"width":1500,"height":350,"url":"https:\/\/jaro-institut.de\/wp-content\/uploads\/2021\/03\/bg_publikationen.png","type":"image\/png"}],"twitter_card":"summary_large_image","twitter_misc":{"Est. reading time":"4 minutes"},"schema":{"@context":"https:\/\/schema.org","@graph":[{"@type":"WebPage","@id":"https:\/\/jaro-institut.de\/en\/publications\/","url":"https:\/\/jaro-institut.de\/en\/publications\/","name":"Publications - Jaro Institut e.V.","isPartOf":{"@id":"https:\/\/jaro-institut.de\/#website"},"primaryImageOfPage":{"@id":"https:\/\/jaro-institut.de\/en\/publications\/#primaryimage"},"image":{"@id":"https:\/\/jaro-institut.de\/en\/publications\/#primaryimage"},"thumbnailUrl":"https:\/\/jaro-institut.de\/wp-content\/uploads\/2021\/03\/bg_publikationen.png","datePublished":"2019-01-15T18:56:27+00:00","dateModified":"2025-09-03T10:03:31+00:00","breadcrumb":{"@id":"https:\/\/jaro-institut.de\/en\/publications\/#breadcrumb"},"inLanguage":"en-US","potentialAction":[{"@type":"ReadAction","target":["https:\/\/jaro-institut.de\/en\/publications\/"]}]},{"@type":"ImageObject","inLanguage":"en-US","@id":"https:\/\/jaro-institut.de\/en\/publications\/#primaryimage","url":"https:\/\/jaro-institut.de\/wp-content\/uploads\/2021\/03\/bg_publikationen.png","contentUrl":"https:\/\/jaro-institut.de\/wp-content\/uploads\/2021\/03\/bg_publikationen.png","width":1500,"height":350},{"@type":"BreadcrumbList","@id":"https:\/\/jaro-institut.de\/en\/publications\/#breadcrumb","itemListElement":[{"@type":"ListItem","position":1,"name":"Startseite","item":"https:\/\/jaro-institut.de\/en\/?page_id=3911"},{"@type":"ListItem","position":2,"name":"Publications"}]},{"@type":"WebSite","@id":"https:\/\/jaro-institut.de\/#website","url":"https:\/\/jaro-institut.de\/","name":"Jaro Institut e.V.","description":"Institut f\u00fcr Nachhaltigkeit und Digitalisierung","publisher":{"@id":"https:\/\/jaro-institut.de\/#organization"},"potentialAction":[{"@type":"SearchAction","target":{"@type":"EntryPoint","urlTemplate":"https:\/\/jaro-institut.de\/?s={search_term_string}"},"query-input":{"@type":"PropertyValueSpecification","valueRequired":true,"valueName":"search_term_string"}}],"inLanguage":"en-US"},{"@type":"Organization","@id":"https:\/\/jaro-institut.de\/#organization","name":"JARO Institut e.V.","url":"https:\/\/jaro-institut.de\/","logo":{"@type":"ImageObject","inLanguage":"en-US","@id":"https:\/\/jaro-institut.de\/#\/schema\/logo\/image\/","url":"https:\/\/jaro-institut.de\/wp-content\/uploads\/2019\/03\/JARO_Logo_Square.png","contentUrl":"https:\/\/jaro-institut.de\/wp-content\/uploads\/2019\/03\/JARO_Logo_Square.png","width":959,"height":960,"caption":"JARO Institut e.V."},"image":{"@id":"https:\/\/jaro-institut.de\/#\/schema\/logo\/image\/"},"sameAs":["https:\/\/www.linkedin.com\/company\/12654680","https:\/\/www.youtube.com\/channel\/UCaNtzND9JAH_drzWq6x_F8A"]}]}},"_links":{"self":[{"href":"https:\/\/jaro-institut.de\/en\/wp-json\/wp\/v2\/pages\/650","targetHints":{"allow":["GET"]}}],"collection":[{"href":"https:\/\/jaro-institut.de\/en\/wp-json\/wp\/v2\/pages"}],"about":[{"href":"https:\/\/jaro-institut.de\/en\/wp-json\/wp\/v2\/types\/page"}],"author":[{"embeddable":true,"href":"https:\/\/jaro-institut.de\/en\/wp-json\/wp\/v2\/users\/2"}],"replies":[{"embeddable":true,"href":"https:\/\/jaro-institut.de\/en\/wp-json\/wp\/v2\/comments?post=650"}],"version-history":[{"count":24,"href":"https:\/\/jaro-institut.de\/en\/wp-json\/wp\/v2\/pages\/650\/revisions"}],"predecessor-version":[{"id":3898,"href":"https:\/\/jaro-institut.de\/en\/wp-json\/wp\/v2\/pages\/650\/revisions\/3898"}],"wp:featuredmedia":[{"embeddable":true,"href":"https:\/\/jaro-institut.de\/en\/wp-json\/wp\/v2\/media\/2504"}],"wp:attachment":[{"href":"https:\/\/jaro-institut.de\/en\/wp-json\/wp\/v2\/media?parent=650"}],"curies":[{"name":"wp","href":"https:\/\/api.w.org\/{rel}","templated":true}]}}