{"id":632,"date":"2019-01-13T16:35:09","date_gmt":"2019-01-13T16:35:09","guid":{"rendered":"http:\/\/jaro-institut.de\/?page_id=632"},"modified":"2020-03-06T13:08:08","modified_gmt":"2020-03-06T13:08:08","slug":"projects","status":"publish","type":"page","link":"https:\/\/jaro-institut.de\/en\/projects\/","title":{"rendered":"Projects"},"content":{"rendered":"<section class=\"wpb-content-wrapper\"><p>[vc_row][vc_column css=&#8221;.vc_custom_1541814491237{margin-bottom: 0px !important;}&#8221;][vc_column_text css=&#8221;.vc_custom_1541973608913{margin-bottom: 0px !important;}&#8221;]\u00a0<span style=\"font-weight: 400;\">We are currently working on the implementation of the following projects:<\/span><\/p>\n<ul>\n<li><strong>Cooperation with the Bundesverband Materialwirtschaft, Einkauf und Logistik (BME) in the field of sustainable procurement, which includes the following: <\/strong>\n<ul>\n<li><strong>the development of a <a href=\"https:\/\/www.bme.de\/services\/sponsoring\/bme-nachhaltigkeitszertifikat\/\">certification system<\/a> for sustainable procurement,<\/strong><\/li>\n<li><strong>the conception design of the <a href=\"https:\/\/www.bme.de\/bme-konferenz-sustainability-summit\/\" target=\"_blank\" rel=\"noopener noreferrer\">Sustainability Summit<\/a>, <\/strong><\/li>\n<li><strong>knowledge transfer on the <a href=\"https:\/\/jaro-institut.de\/en\/publications\/\" target=\"_blank\" rel=\"noopener noreferrer\">UN sustainability objectives\/SDGs.<\/a><\/strong><\/li>\n<\/ul>\n<\/li>\n<li><strong>Establishment and development of a course of studies for sustainable hotel management at the Hotel School in Marrakech \/ Morocco<\/strong><\/li>\n<li><strong>Set up of an educational training focusing on sustainability for the hospitality industry<\/strong><\/li>\n<\/ul>\n<p>&nbsp;<\/p>\n<div class=\"image_frame image_item no_link scale-with-grid element_classes alignnone no_border mfn-img-box\" ><div class=\"image_wrapper\"><img decoding=\"async\" class=\"scale-with-grid\" src=\"https:\/\/jaro-institut.de\/wp-content\/uploads\/2015\/02\/home_clinic_line.png\" fetchpriority=\"high\" alt=\"home_line\" title=\"\" width=\"129\" height=\"20\" style=\"\"\/><\/div><\/div>\n\n<p>Completed projects:<\/p>\n<p><strong>Checklist sustainable procurement<\/strong><br \/>\nIn cooperation with the Federal Association for Materials Management, Purchasing and Logistics (BME), we have developed a checklist for the implementation of sustainable procurement. We would be happy to send you the checklist free of charge. If you are interest send us an <a href=\"mailto:info@jaro-institut.de\" target=\"_blank\" rel=\"noopener noreferrer\">email<\/a>.<\/p>\n<p>&nbsp;<\/p>\n<p><strong>Concept for Sustainable and Ecological Management in the Hospitality Industry for Trainees in Baden-W\u00fcrttemberg<\/strong><\/p>\n<p>In order to anchor sustainable management in companies and society, it is important to establish this competence as part of every professional training. In this project it is our goal to contribute to the transformation process of sustainable development in the hospitality industry by imparting knowledge and incorporating the 17 UN sustainability goals. The concept includes for four workshops over one year as part of the apprenticeship and is currently being implemented in the second year with various partners (ECOINN, Burg Staufeneck, Boutiquehotel LA CASA, Hirsch HotelbetriebsGmbH, Luchterhand Bio Catering).<\/p>\n<p>The project was started in 2017, on the initiative of Thomas Puchan, the manager of Europe&#8217;s most ecological hotel, in cooperation with the Bundesverband der gr\u00fcnen Wirtschaft, UnternehmensGr\u00fcn e.V. and supported by the Baden-W\u00fcrttemberg Ministry of the Environment. Starting in 2018, Prof. Dr. Sandra Rochnowski from the JARO Institute took over the scientific part of the organisation, Thomas Puchan will continue to be responsible for the practical part.<\/p>\n<p>The German sustainability magazine Greenup reported about our project in <a href=\"https:\/\/drive.google.com\/file\/d\/10GBfO6f-nGyF4gctCVp2t6Uiqr5LcvxH\/view?usp=sharing\" target=\"_blank\" rel=\"noopener noreferrer\">this article<\/a> of issue #6.<\/p>\n<p>&nbsp;<\/p>\n<div class=\"image_frame image_item no_link scale-with-grid element_classes alignnone no_border mfn-img-box\" ><div class=\"image_wrapper\"><img decoding=\"async\" class=\"scale-with-grid\" src=\"https:\/\/jaro-institut.de\/wp-content\/uploads\/2015\/02\/home_clinic_line.png\" fetchpriority=\"high\" alt=\"home_line\" title=\"\" width=\"129\" height=\"20\" style=\"\"\/><\/div><\/div>\n\n<p>&nbsp;<\/p>\n<p><span style=\"font-weight: 400;\">Do you have a sustainable project idea and are looking for a competent partner to implement it? With our network at home and abroad, we are happy to support you. Apply with your project and we will get in touch with you as soon as possible.<\/span><\/p>\n<p><a href=\"mailto:info@jaro-institut.de\" target=\"_blank\" rel=\"noopener noreferrer\">Contact us now!<\/a><\/p>\n<p>&nbsp;<\/p>\n<div class=\"image_frame image_item no_link scale-with-grid element_classes alignnone no_border mfn-img-box\" ><div class=\"image_wrapper\"><img decoding=\"async\" class=\"scale-with-grid\" src=\"https:\/\/jaro-institut.de\/wp-content\/uploads\/2015\/02\/home_clinic_line.png\" fetchpriority=\"high\" alt=\"home_line\" title=\"\" width=\"129\" height=\"20\" style=\"\"\/><\/div><\/div>\n\n<p>&nbsp;<\/p>\n<p class=\"big\"><span style=\"font-weight: 400;\">Are you looking for consulting services on sustainability issues for your company? Do you need support in creating and implementing your sustainability strategy? Then we would like to introduce you to our subsidiary: <a href=\"http:\/\/jaro-services.de\/en\">JARO Services GmbH<\/a> offers individual consulting services and many years of project management experience.<\/span><\/p>\n<p><a href=\"mailto:info@jaro-institut.de\" target=\"_blank\" rel=\"noopener noreferrer\">Contact us now!<\/a>[\/vc_column_text][\/vc_column][\/vc_row][vc_row][vc_column][vc_empty_space height=&#8221;50&#8243;][\/vc_column][\/vc_row]<\/p>\n<div class=\"shariff shariff-align-center shariff-widget-align-flex-start\" style=\"display:none\" data-services=\"facebook\" data-url=\"https%3A%2F%2Fjaro-institut.de%2Fen%2Fprojects%2F\" data-timestamp=\"1583500088\" data-backendurl=\"https:\/\/jaro-institut.de\/en\/wp-json\/shariff\/v1\/share_counts?\"><ul class=\"shariff-buttons theme-color orientation-horizontal buttonsize-medium\"><li class=\"shariff-button linkedin shariff-nocustomcolor\" style=\"background-color:#1488bf\"><a href=\"https:\/\/www.linkedin.com\/sharing\/share-offsite\/?url=https%3A%2F%2Fjaro-institut.de%2Fen%2Fprojects%2F\" title=\"Share on LinkedIn\" aria-label=\"Share on LinkedIn\" role=\"button\" rel=\"noreferrernoopener nofollow\" class=\"shariff-link\" style=\"; background-color:#0077b5; color:#fff\" target=\"_blank\"><span class=\"shariff-icon\" style=\"\"><svg width=\"32px\" height=\"20px\" xmlns=\"http:\/\/www.w3.org\/2000\/svg\" viewBox=\"0 0 27 32\"><path fill=\"#0077b5\" d=\"M6.2 11.2v17.7h-5.9v-17.7h5.9zM6.6 5.7q0 1.3-0.9 2.2t-2.4 0.9h0q-1.5 0-2.4-0.9t-0.9-2.2 0.9-2.2 2.4-0.9 2.4 0.9 0.9 2.2zM27.4 18.7v10.1h-5.9v-9.5q0-1.9-0.7-2.9t-2.3-1.1q-1.1 0-1.9 0.6t-1.2 1.5q-0.2 0.5-0.2 1.4v9.9h-5.9q0-7.1 0-11.6t0-5.3l0-0.9h5.9v2.6h0q0.4-0.6 0.7-1t1-0.9 1.6-0.8 2-0.3q3 0 4.9 2t1.9 6z\"\/><\/svg><\/span><span class=\"shariff-text\">share<\/span>&nbsp;<\/a><\/li><li class=\"shariff-button xing shariff-nocustomcolor\" style=\"background-color:#29888a\"><a href=\"https:\/\/www.xing.com\/spi\/shares\/new?url=https%3A%2F%2Fjaro-institut.de%2Fen%2Fprojects%2F\" title=\"Share on XING\" aria-label=\"Share on XING\" role=\"button\" rel=\"noreferrernoopener nofollow\" class=\"shariff-link\" style=\"; background-color:#126567; color:#fff\" target=\"_blank\"><span class=\"shariff-icon\" style=\"\"><svg width=\"32px\" height=\"20px\" xmlns=\"http:\/\/www.w3.org\/2000\/svg\" viewBox=\"0 0 25 32\"><path fill=\"#126567\" d=\"M10.7 11.9q-0.2 0.3-4.6 8.2-0.5 0.8-1.2 0.8h-4.3q-0.4 0-0.5-0.3t0-0.6l4.5-8q0 0 0 0l-2.9-5q-0.2-0.4 0-0.7 0.2-0.3 0.5-0.3h4.3q0.7 0 1.2 0.8zM25.1 0.4q0.2 0.3 0 0.7l-9.4 16.7 6 11q0.2 0.4 0 0.6-0.2 0.3-0.6 0.3h-4.3q-0.7 0-1.2-0.8l-6-11.1q0.3-0.6 9.5-16.8 0.4-0.8 1.2-0.8h4.3q0.4 0 0.5 0.3z\"\/><\/svg><\/span><span class=\"shariff-text\">share<\/span>&nbsp;<\/a><\/li><li class=\"shariff-button facebook shariff-nocustomcolor\" style=\"background-color:#4273c8\"><a href=\"https:\/\/www.facebook.com\/sharer\/sharer.php?u=https%3A%2F%2Fjaro-institut.de%2Fen%2Fprojects%2F\" title=\"Share on Facebook\" aria-label=\"Share on Facebook\" role=\"button\" rel=\"noreferrernoopener nofollow\" class=\"shariff-link\" style=\"; background-color:#3b5998; color:#fff\" target=\"_blank\"><span class=\"shariff-icon\" style=\"\"><svg width=\"32px\" height=\"20px\" xmlns=\"http:\/\/www.w3.org\/2000\/svg\" viewBox=\"0 0 18 32\"><path fill=\"#3b5998\" d=\"M17.1 0.2v4.7h-2.8q-1.5 0-2.1 0.6t-0.5 1.9v3.4h5.2l-0.7 5.3h-4.5v13.6h-5.5v-13.6h-4.5v-5.3h4.5v-3.9q0-3.3 1.9-5.2t5-1.8q2.6 0 4.1 0.2z\"\/><\/svg><\/span><span class=\"shariff-text\">share<\/span>&nbsp;<\/a><\/li><\/ul><\/div><\/section>","protected":false},"excerpt":{"rendered":"<p>[vc_row][vc_column css=&#8221;.vc_custom_1541814491237{margin-bottom: 0px !important;}&#8221;][vc_column_text css=&#8221;.vc_custom_1541973608913{margin-bottom: 0px !important;}&#8221;]\u00a0We are currently working on the implementation of the following projects: Cooperation with the Bundesverband Materialwirtschaft, Einkauf und Logistik (BME)<span class=\"excerpt-hellip\"> [\u2026]<\/span><\/p>\n","protected":false},"author":2,"featured_media":2364,"parent":0,"menu_order":0,"comment_status":"open","ping_status":"closed","template":"","meta":{"_acf_changed":false,"footnotes":""},"class_list":["post-632","page","type-page","status-publish","has-post-thumbnail","hentry"],"acf":[],"yoast_head":"<!-- This site is optimized with the Yoast SEO plugin v27.5 - https:\/\/yoast.com\/product\/yoast-seo-wordpress\/ -->\n<title>Projects - Jaro Institut e.V.<\/title>\n<meta name=\"robots\" content=\"index, follow, max-snippet:-1, max-image-preview:large, max-video-preview:-1\" \/>\n<link rel=\"canonical\" href=\"https:\/\/jaro-institut.de\/en\/projects\/\" \/>\n<meta property=\"og:locale\" content=\"en_US\" \/>\n<meta property=\"og:type\" content=\"article\" \/>\n<meta property=\"og:title\" content=\"Projects - Jaro Institut e.V.\" \/>\n<meta property=\"og:description\" content=\"[vc_row][vc_column css=&#8221;.vc_custom_1541814491237{margin-bottom: 0px !important;}&#8221;][vc_column_text css=&#8221;.vc_custom_1541973608913{margin-bottom: 0px !important;}&#8221;]\u00a0We are currently working on the implementation of the following projects: Cooperation with the Bundesverband Materialwirtschaft, Einkauf und Logistik (BME) [\u2026]\" \/>\n<meta property=\"og:url\" content=\"https:\/\/jaro-institut.de\/en\/projects\/\" \/>\n<meta property=\"og:site_name\" content=\"Jaro Institut e.V.\" \/>\n<meta property=\"article:modified_time\" content=\"2020-03-06T13:08:08+00:00\" \/>\n<meta property=\"og:image\" content=\"https:\/\/jaro-institut.de\/wp-content\/uploads\/2021\/03\/bg_themen.png\" \/>\n\t<meta property=\"og:image:width\" content=\"1500\" \/>\n\t<meta property=\"og:image:height\" content=\"350\" \/>\n\t<meta property=\"og:image:type\" content=\"image\/png\" \/>\n<meta name=\"twitter:card\" content=\"summary_large_image\" \/>\n<meta name=\"twitter:label1\" content=\"Est. reading time\" \/>\n\t<meta name=\"twitter:data1\" content=\"2 minutes\" \/>\n<script type=\"application\/ld+json\" class=\"yoast-schema-graph\">{\"@context\":\"https:\\\/\\\/schema.org\",\"@graph\":[{\"@type\":\"WebPage\",\"@id\":\"https:\\\/\\\/jaro-institut.de\\\/en\\\/projects\\\/\",\"url\":\"https:\\\/\\\/jaro-institut.de\\\/en\\\/projects\\\/\",\"name\":\"Projects - Jaro Institut e.V.\",\"isPartOf\":{\"@id\":\"https:\\\/\\\/jaro-institut.de\\\/#website\"},\"primaryImageOfPage\":{\"@id\":\"https:\\\/\\\/jaro-institut.de\\\/en\\\/projects\\\/#primaryimage\"},\"image\":{\"@id\":\"https:\\\/\\\/jaro-institut.de\\\/en\\\/projects\\\/#primaryimage\"},\"thumbnailUrl\":\"https:\\\/\\\/jaro-institut.de\\\/wp-content\\\/uploads\\\/2021\\\/03\\\/bg_themen.png\",\"datePublished\":\"2019-01-13T16:35:09+00:00\",\"dateModified\":\"2020-03-06T13:08:08+00:00\",\"breadcrumb\":{\"@id\":\"https:\\\/\\\/jaro-institut.de\\\/en\\\/projects\\\/#breadcrumb\"},\"inLanguage\":\"en-US\",\"potentialAction\":[{\"@type\":\"ReadAction\",\"target\":[\"https:\\\/\\\/jaro-institut.de\\\/en\\\/projects\\\/\"]}]},{\"@type\":\"ImageObject\",\"inLanguage\":\"en-US\",\"@id\":\"https:\\\/\\\/jaro-institut.de\\\/en\\\/projects\\\/#primaryimage\",\"url\":\"https:\\\/\\\/jaro-institut.de\\\/wp-content\\\/uploads\\\/2021\\\/03\\\/bg_themen.png\",\"contentUrl\":\"https:\\\/\\\/jaro-institut.de\\\/wp-content\\\/uploads\\\/2021\\\/03\\\/bg_themen.png\",\"width\":1500,\"height\":350},{\"@type\":\"BreadcrumbList\",\"@id\":\"https:\\\/\\\/jaro-institut.de\\\/en\\\/projects\\\/#breadcrumb\",\"itemListElement\":[{\"@type\":\"ListItem\",\"position\":1,\"name\":\"Startseite\",\"item\":\"https:\\\/\\\/jaro-institut.de\\\/en\\\/?page_id=3911\"},{\"@type\":\"ListItem\",\"position\":2,\"name\":\"Projects\"}]},{\"@type\":\"WebSite\",\"@id\":\"https:\\\/\\\/jaro-institut.de\\\/#website\",\"url\":\"https:\\\/\\\/jaro-institut.de\\\/\",\"name\":\"Jaro Institut e.V.\",\"description\":\"Institut f\u00fcr Nachhaltigkeit und Digitalisierung\",\"publisher\":{\"@id\":\"https:\\\/\\\/jaro-institut.de\\\/#organization\"},\"potentialAction\":[{\"@type\":\"SearchAction\",\"target\":{\"@type\":\"EntryPoint\",\"urlTemplate\":\"https:\\\/\\\/jaro-institut.de\\\/?s={search_term_string}\"},\"query-input\":{\"@type\":\"PropertyValueSpecification\",\"valueRequired\":true,\"valueName\":\"search_term_string\"}}],\"inLanguage\":\"en-US\"},{\"@type\":\"Organization\",\"@id\":\"https:\\\/\\\/jaro-institut.de\\\/#organization\",\"name\":\"JARO Institut e.V.\",\"url\":\"https:\\\/\\\/jaro-institut.de\\\/\",\"logo\":{\"@type\":\"ImageObject\",\"inLanguage\":\"en-US\",\"@id\":\"https:\\\/\\\/jaro-institut.de\\\/#\\\/schema\\\/logo\\\/image\\\/\",\"url\":\"https:\\\/\\\/jaro-institut.de\\\/wp-content\\\/uploads\\\/2019\\\/03\\\/JARO_Logo_Square.png\",\"contentUrl\":\"https:\\\/\\\/jaro-institut.de\\\/wp-content\\\/uploads\\\/2019\\\/03\\\/JARO_Logo_Square.png\",\"width\":959,\"height\":960,\"caption\":\"JARO Institut e.V.\"},\"image\":{\"@id\":\"https:\\\/\\\/jaro-institut.de\\\/#\\\/schema\\\/logo\\\/image\\\/\"},\"sameAs\":[\"https:\\\/\\\/www.linkedin.com\\\/company\\\/12654680\",\"https:\\\/\\\/www.youtube.com\\\/channel\\\/UCaNtzND9JAH_drzWq6x_F8A\"]}]}<\/script>\n<!-- \/ Yoast SEO plugin. -->","yoast_head_json":{"title":"Projects - Jaro Institut e.V.","robots":{"index":"index","follow":"follow","max-snippet":"max-snippet:-1","max-image-preview":"max-image-preview:large","max-video-preview":"max-video-preview:-1"},"canonical":"https:\/\/jaro-institut.de\/en\/projects\/","og_locale":"en_US","og_type":"article","og_title":"Projects - Jaro Institut e.V.","og_description":"[vc_row][vc_column css=&#8221;.vc_custom_1541814491237{margin-bottom: 0px !important;}&#8221;][vc_column_text css=&#8221;.vc_custom_1541973608913{margin-bottom: 0px !important;}&#8221;]\u00a0We are currently working on the implementation of the following projects: Cooperation with the Bundesverband Materialwirtschaft, Einkauf und Logistik (BME) [\u2026]","og_url":"https:\/\/jaro-institut.de\/en\/projects\/","og_site_name":"Jaro Institut e.V.","article_modified_time":"2020-03-06T13:08:08+00:00","og_image":[{"width":1500,"height":350,"url":"https:\/\/jaro-institut.de\/wp-content\/uploads\/2021\/03\/bg_themen.png","type":"image\/png"}],"twitter_card":"summary_large_image","twitter_misc":{"Est. reading time":"2 minutes"},"schema":{"@context":"https:\/\/schema.org","@graph":[{"@type":"WebPage","@id":"https:\/\/jaro-institut.de\/en\/projects\/","url":"https:\/\/jaro-institut.de\/en\/projects\/","name":"Projects - Jaro Institut e.V.","isPartOf":{"@id":"https:\/\/jaro-institut.de\/#website"},"primaryImageOfPage":{"@id":"https:\/\/jaro-institut.de\/en\/projects\/#primaryimage"},"image":{"@id":"https:\/\/jaro-institut.de\/en\/projects\/#primaryimage"},"thumbnailUrl":"https:\/\/jaro-institut.de\/wp-content\/uploads\/2021\/03\/bg_themen.png","datePublished":"2019-01-13T16:35:09+00:00","dateModified":"2020-03-06T13:08:08+00:00","breadcrumb":{"@id":"https:\/\/jaro-institut.de\/en\/projects\/#breadcrumb"},"inLanguage":"en-US","potentialAction":[{"@type":"ReadAction","target":["https:\/\/jaro-institut.de\/en\/projects\/"]}]},{"@type":"ImageObject","inLanguage":"en-US","@id":"https:\/\/jaro-institut.de\/en\/projects\/#primaryimage","url":"https:\/\/jaro-institut.de\/wp-content\/uploads\/2021\/03\/bg_themen.png","contentUrl":"https:\/\/jaro-institut.de\/wp-content\/uploads\/2021\/03\/bg_themen.png","width":1500,"height":350},{"@type":"BreadcrumbList","@id":"https:\/\/jaro-institut.de\/en\/projects\/#breadcrumb","itemListElement":[{"@type":"ListItem","position":1,"name":"Startseite","item":"https:\/\/jaro-institut.de\/en\/?page_id=3911"},{"@type":"ListItem","position":2,"name":"Projects"}]},{"@type":"WebSite","@id":"https:\/\/jaro-institut.de\/#website","url":"https:\/\/jaro-institut.de\/","name":"Jaro Institut e.V.","description":"Institut f\u00fcr Nachhaltigkeit und Digitalisierung","publisher":{"@id":"https:\/\/jaro-institut.de\/#organization"},"potentialAction":[{"@type":"SearchAction","target":{"@type":"EntryPoint","urlTemplate":"https:\/\/jaro-institut.de\/?s={search_term_string}"},"query-input":{"@type":"PropertyValueSpecification","valueRequired":true,"valueName":"search_term_string"}}],"inLanguage":"en-US"},{"@type":"Organization","@id":"https:\/\/jaro-institut.de\/#organization","name":"JARO Institut e.V.","url":"https:\/\/jaro-institut.de\/","logo":{"@type":"ImageObject","inLanguage":"en-US","@id":"https:\/\/jaro-institut.de\/#\/schema\/logo\/image\/","url":"https:\/\/jaro-institut.de\/wp-content\/uploads\/2019\/03\/JARO_Logo_Square.png","contentUrl":"https:\/\/jaro-institut.de\/wp-content\/uploads\/2019\/03\/JARO_Logo_Square.png","width":959,"height":960,"caption":"JARO Institut e.V."},"image":{"@id":"https:\/\/jaro-institut.de\/#\/schema\/logo\/image\/"},"sameAs":["https:\/\/www.linkedin.com\/company\/12654680","https:\/\/www.youtube.com\/channel\/UCaNtzND9JAH_drzWq6x_F8A"]}]}},"_links":{"self":[{"href":"https:\/\/jaro-institut.de\/en\/wp-json\/wp\/v2\/pages\/632","targetHints":{"allow":["GET"]}}],"collection":[{"href":"https:\/\/jaro-institut.de\/en\/wp-json\/wp\/v2\/pages"}],"about":[{"href":"https:\/\/jaro-institut.de\/en\/wp-json\/wp\/v2\/types\/page"}],"author":[{"embeddable":true,"href":"https:\/\/jaro-institut.de\/en\/wp-json\/wp\/v2\/users\/2"}],"replies":[{"embeddable":true,"href":"https:\/\/jaro-institut.de\/en\/wp-json\/wp\/v2\/comments?post=632"}],"version-history":[{"count":25,"href":"https:\/\/jaro-institut.de\/en\/wp-json\/wp\/v2\/pages\/632\/revisions"}],"predecessor-version":[{"id":1812,"href":"https:\/\/jaro-institut.de\/en\/wp-json\/wp\/v2\/pages\/632\/revisions\/1812"}],"wp:featuredmedia":[{"embeddable":true,"href":"https:\/\/jaro-institut.de\/en\/wp-json\/wp\/v2\/media\/2364"}],"wp:attachment":[{"href":"https:\/\/jaro-institut.de\/en\/wp-json\/wp\/v2\/media?parent=632"}],"curies":[{"name":"wp","href":"https:\/\/api.w.org\/{rel}","templated":true}]}}